{"id":4522,"date":"2018-10-16T10:39:42","date_gmt":"2018-10-16T09:39:42","guid":{"rendered":"http:\/\/amedeo.elated-themes.com\/?page_id=3"},"modified":"2020-06-09T18:29:45","modified_gmt":"2020-06-09T16:29:45","slug":"privacy-policy","status":"publish","type":"page","link":"https:\/\/www.shirts-u.fr\/index.php\/privacy-policy\/","title":{"rendered":"Privacy Policy"},"content":{"rendered":"<p>[vc_row css=\u00a0\u00bb.vc_custom_1541410009389{padding-bottom: 90px !important;}\u00a0\u00bb][vc_column][vc_column_text]<\/p>\n<h2>EDITEUR :<\/h2>\n<p>SHIRTS-U<br \/>\n6 rue Albert Walter<br \/>\n93300 Aubervilliers<br \/>\nTel. : 01.40.86.59.89<br \/>\nFax : 01.40.86.56.32<\/p>\n<h2>H\u00c9BERGEMENT :<\/h2>\n<p><b>OVH<\/b><\/p>\n<h2>DROITS D&rsquo;AUTEUR :<\/h2>\n<p>Le titre, la conception, la forme du site www.shirts-u.fr mais aussi son contenu sont la propri\u00e9t\u00e9 de Shirts-U. Toute utilisation d&rsquo;\u00e9l\u00e9ments du site www.shirts-u.fr, y compris la reproduction, la modification, la diffusion ou la republication, sans l&rsquo;autorisation \u00e9crite pr\u00e9alable de Shirts-U, est strictement interdite et constitutive d&rsquo;une contrefa\u00e7on sanctionn\u00e9e p\u00e9nalement.<\/p>\n<h2>LIMITES DE RESPONSABILIT\u00c9S :<\/h2>\n<p>Le contenu de ce site peut comporter des erreurs et\/ou des inexactitudes et\/ou des omissions techniques et typographiques, ce que vous reconnaissez et acceptez en utilisant ce site. Les informations contenues dans le site sont non-contractuelles et sujettes \u00e0 modification sans pr\u00e9avis.<\/p>\n<p>Les informations pr\u00e9sent\u00e9es sur le site sont r\u00e9guli\u00e8rement mises \u00e0 jour. De ce fait, Shirts-U ne garantit pas que les fonctions ou certaines pages du site seront en ligne et assur\u00e9es sans interruption et sans erreur, ni que le site ou le serveur qui les mets \u00e0 disposition sont exempts de virus et autres composants dangereux. En aucun cas, Shirts-U pourra \u00eatre tenue responsable des pr\u00e9judices fortuits, directs ou indirects r\u00e9sultant de l&rsquo;utilisation des \u00e9l\u00e9ments du site.<\/p>\n<p>Ce site Web peut fournir des liens ou des r\u00e9f\u00e9rences \u00e0 d&rsquo;autres sites non contr\u00f4l\u00e9s par Shirts-U. En cons\u00e9quence, Shirts-U d\u00e9cline toute responsabilit\u00e9 quant aux contenus de ces autres sites et ne saurait \u00eatre tenue responsable de tous dommages-int\u00e9r\u00eats ou dommages d\u00e9coulant de l&rsquo;utilisation ou recours \u00e0 de tels contenus ni de l&rsquo;acc\u00e8s ou de l&rsquo;impossibilit\u00e9 d&rsquo;acc\u00e8s \u00e0 ces sites.<\/p>\n<h2>INFORMATIQUE ET LIBERT\u00c9S :<\/h2>\n<p>Conform\u00e9ment \u00e0 la loi Informatique et Libert\u00e9s du 6 janvier 1978, vous disposez aupr\u00e8s de Shirts-U d&rsquo;un droit d&rsquo;acc\u00e8s, de rectification ou de suppression concernant les donn\u00e9es personnelles que nous pourrions \u00eatre amen\u00e9s \u00e0 recueillir.<\/p>\n<p>Ces donn\u00e9es sont celles que vous aurez volontairement enregistr\u00e9es lors de vos demandes de renseignements en ligne. Aucune information personnelle vous concernant n&rsquo;est c\u00e9d\u00e9e \u00e0 des tiers ou utilis\u00e9e \u00e0 des fins non pr\u00e9vues.[\/vc_column_text][\/vc_column][\/vc_row]<\/p>\n","protected":false},"excerpt":{"rendered":"<p>[vc_row css=\u00a0\u00bb.vc_custom_1541410009389{padding-bottom: 90px !important;}\u00a0\u00bb][vc_column][vc_column_text] EDITEUR : SHIRTS-U 6 rue Albert Walter 93300 Aubervilliers Tel. : 01.40.86.59.89 Fax : 01.40.86.56.32 H\u00c9BERGEMENT : OVH DROITS D&rsquo;AUTEUR : Le titre, la conception, la forme du site www.shirts-u.fr mais aussi son contenu sont la propri\u00e9t\u00e9 de Shirts-U. Toute utilisation d&rsquo;\u00e9l\u00e9ments du site www.shirts-u.fr, y compris la reproduction, la modification, la diffusion ou la republication, sans l&rsquo;autorisation \u00e9crite [&hellip;]<\/p>\n","protected":false},"author":1,"featured_media":0,"parent":0,"menu_order":0,"comment_status":"closed","ping_status":"open","template":"","meta":[],"_links":{"self":[{"href":"https:\/\/www.shirts-u.fr\/index.php\/wp-json\/wp\/v2\/pages\/4522"}],"collection":[{"href":"https:\/\/www.shirts-u.fr\/index.php\/wp-json\/wp\/v2\/pages"}],"about":[{"href":"https:\/\/www.shirts-u.fr\/index.php\/wp-json\/wp\/v2\/types\/page"}],"author":[{"embeddable":true,"href":"https:\/\/www.shirts-u.fr\/index.php\/wp-json\/wp\/v2\/users\/1"}],"replies":[{"embeddable":true,"href":"https:\/\/www.shirts-u.fr\/index.php\/wp-json\/wp\/v2\/comments?post=4522"}],"version-history":[{"count":2,"href":"https:\/\/www.shirts-u.fr\/index.php\/wp-json\/wp\/v2\/pages\/4522\/revisions"}],"predecessor-version":[{"id":5531,"href":"https:\/\/www.shirts-u.fr\/index.php\/wp-json\/wp\/v2\/pages\/4522\/revisions\/5531"}],"wp:attachment":[{"href":"https:\/\/www.shirts-u.fr\/index.php\/wp-json\/wp\/v2\/media?parent=4522"}],"curies":[{"name":"wp","href":"https:\/\/api.w.org\/{rel}","templated":true}]}}