{"id":348,"date":"2018-10-18T16:06:44","date_gmt":"2018-10-18T15:06:44","guid":{"rendered":"http:\/\/amedeo.elated-themes.com\/?page_id=348"},"modified":"2020-06-25T14:46:49","modified_gmt":"2020-06-25T12:46:49","slug":"art-gallery-home","status":"publish","type":"page","link":"https:\/\/www.shirts-u.fr\/","title":{"rendered":"Home page"},"content":{"rendered":"<p>[vc_row][vc_column][vc_column_text][\/vc_column_text][\/vc_column][\/vc_row][vc_row row_content_width=\u00a0\u00bbgrid\u00a0\u00bb css=\u00a0\u00bb.vc_custom_1539947385515{padding-top: 20px !important;padding-bottom: 80px !important;}\u00a0\u00bb][vc_column]<div class=\"eltdf-elements-holder   eltdf-two-columns  eltdf-responsive-mode-768 \" ><div class=\"eltdf-eh-item    \"  data-item-class=\"eltdf-eh-custom-3576\" data-1025-1366=\"0 65px 0 80px\" data-769-1024=\"0 45px 0 0px\" data-681-768=\"0 37px\" data-680=\"0 30px\">\n\t<div class=\"eltdf-eh-item-inner\">\n\t\t<div class=\"eltdf-eh-item-content eltdf-eh-custom-3576\" style=\"padding: 0 100px 0 65px\">\n\t\t\t<div class=\"eltdf-single-image-holder   \">\n    <div class=\"eltdf-si-inner\" >\n                                    <img width=\"1000\" height=\"1000\" src=\"https:\/\/www.shirts-u.fr\/wp-content\/uploads\/2020\/01\/EC-ABOUT-4-1.jpg\" class=\"attachment-full size-full\" alt=\"\" decoding=\"async\" loading=\"lazy\" srcset=\"https:\/\/www.shirts-u.fr\/wp-content\/uploads\/2020\/01\/EC-ABOUT-4-1.jpg 1000w, https:\/\/www.shirts-u.fr\/wp-content\/uploads\/2020\/01\/EC-ABOUT-4-1-150x150.jpg 150w, https:\/\/www.shirts-u.fr\/wp-content\/uploads\/2020\/01\/EC-ABOUT-4-1-300x300.jpg 300w, https:\/\/www.shirts-u.fr\/wp-content\/uploads\/2020\/01\/EC-ABOUT-4-1-768x768.jpg 768w, https:\/\/www.shirts-u.fr\/wp-content\/uploads\/2020\/01\/EC-ABOUT-4-1-650x650.jpg 650w\" sizes=\"(max-width: 1000px) 100vw, 1000px\" \/>                        <\/div>\n<\/div>\t\t<\/div>\n\t<\/div>\n<\/div><div class=\"eltdf-eh-item    \"  data-item-class=\"eltdf-eh-custom-7472\" data-769-1024=\"0 0 20px 0\" data-681-768=\"0 100px 72px 100px\" data-680=\"0 0 40px 0\">\n\t<div class=\"eltdf-eh-item-inner\">\n\t\t<div class=\"eltdf-eh-item-content eltdf-eh-custom-7472\" style=\"padding: 0 40px 55px 40px\">\n\t\t\t[vc_column_text]<\/p>\n<h1>V\u00eatements sur mesure semi-traditionnels et traditionnels pour tailleurs professionnels.<\/h1>\n<p>[\/vc_column_text][vc_empty_space]<a itemprop=\"url\" href=\"https:\/\/www.shirts-u.fr\/index.php\/our-products\" target=\"_self\"  class=\"eltdf-btn eltdf-btn-medium eltdf-btn-simple\"  >\n    <span class=\"eltdf-btn-text\">Nos Produits<\/span>\n    <\/a>\t\t<\/div>\n\t<\/div>\n<\/div><\/div>[\/vc_column][\/vc_row][vc_row row_content_width=\u00a0\u00bbgrid\u00a0\u00bb css=\u00a0\u00bb.vc_custom_1539947385515{padding-top: 20px !important;padding-bottom: 80px !important;}\u00a0\u00bb][vc_column]<div class=\"eltdf-elements-holder   eltdf-two-columns  eltdf-responsive-mode-768 \" ><div class=\"eltdf-eh-item    \"  data-item-class=\"eltdf-eh-custom-9208\" data-769-1024=\"0 0 20px 0\" data-681-768=\"0 100px 72px 100px\" data-680=\"0 0 40px 0\">\n\t<div class=\"eltdf-eh-item-inner\">\n\t\t<div class=\"eltdf-eh-item-content eltdf-eh-custom-9208\" style=\"padding: 0 40px 55px 40px\">\n\t\t\t[vc_column_text]<\/p>\n<h3>VENTE DE TISSUS EN LIGNE<\/h3>\n<p>Notre site Primetailoring est une plateforme destin\u00e9e \u00e0 la vente de tissus en ligne. Professionnels ou particuliers, notre large choix de tissus saura r\u00e9pondre \u00e0 vos besoins : Stylisme, confections, couture.<\/p>\n<p>Nous travaillons avec les drapiers italiens de renom Vitale Barberis Canonico,\u00a0 Reda ainsi que Di Pray, implant\u00e9s dans l\u2019industrie du textile depuis plusieurs g\u00e9n\u00e9rations.<\/p>\n<p>Toujours soucieux d\u2019apporter un service de qualit\u00e9, nous garantissons une livraison en France m\u00e9tropolitaine sous 24 heures, et en Europe sous 48 heures.[\/vc_column_text][vc_empty_space]<a itemprop=\"url\" href=\"https:\/\/primetailoring.com\/#\" target=\"_self\"  class=\"eltdf-btn eltdf-btn-medium eltdf-btn-simple\"  >\n    <span class=\"eltdf-btn-text\">Prime Tailoring<\/span>\n    <\/a>\t\t<\/div>\n\t<\/div>\n<\/div><div class=\"eltdf-eh-item    \"  data-item-class=\"eltdf-eh-custom-5679\" data-1025-1366=\"0 65px 0 80px\" data-769-1024=\"0 45px 0 0px\" data-681-768=\"0 37px\" data-680=\"0 30px\">\n\t<div class=\"eltdf-eh-item-inner\">\n\t\t<div class=\"eltdf-eh-item-content eltdf-eh-custom-5679\" style=\"padding: 0 100px 0 65px\">\n\t\t\t<div class=\"eltdf-single-image-holder   \">\n    <div class=\"eltdf-si-inner\" >\n                                    <img width=\"1000\" height=\"1000\" src=\"https:\/\/www.shirts-u.fr\/wp-content\/uploads\/2020\/02\/ABOUT-US-IMG-03.jpg\" class=\"attachment-full size-full\" alt=\"\" decoding=\"async\" loading=\"lazy\" srcset=\"https:\/\/www.shirts-u.fr\/wp-content\/uploads\/2020\/02\/ABOUT-US-IMG-03.jpg 1000w, https:\/\/www.shirts-u.fr\/wp-content\/uploads\/2020\/02\/ABOUT-US-IMG-03-150x150.jpg 150w, https:\/\/www.shirts-u.fr\/wp-content\/uploads\/2020\/02\/ABOUT-US-IMG-03-300x300.jpg 300w, https:\/\/www.shirts-u.fr\/wp-content\/uploads\/2020\/02\/ABOUT-US-IMG-03-768x768.jpg 768w, https:\/\/www.shirts-u.fr\/wp-content\/uploads\/2020\/02\/ABOUT-US-IMG-03-650x650.jpg 650w\" sizes=\"(max-width: 1000px) 100vw, 1000px\" \/>                        <\/div>\n<\/div>\t\t<\/div>\n\t<\/div>\n<\/div><\/div>[\/vc_column][\/vc_row]<\/p>\n","protected":false},"excerpt":{"rendered":"<p>[vc_row][vc_column][vc_column_text][\/vc_column_text][\/vc_column][\/vc_row][vc_row row_content_width=\u00a0\u00bbgrid\u00a0\u00bb css=\u00a0\u00bb.vc_custom_1539947385515{padding-top: 20px !important;padding-bottom: 80px !important;}\u00a0\u00bb][vc_column][\/vc_column][\/vc_row][vc_row row_content_width=\u00a0\u00bbgrid\u00a0\u00bb css=\u00a0\u00bb.vc_custom_1539947385515{padding-top: 20px !important;padding-bottom: 80px !important;}\u00a0\u00bb][vc_column][\/vc_column][\/vc_row]<\/p>\n","protected":false},"author":1,"featured_media":0,"parent":0,"menu_order":0,"comment_status":"closed","ping_status":"closed","template":"full-width.php","meta":[],"_links":{"self":[{"href":"https:\/\/www.shirts-u.fr\/index.php\/wp-json\/wp\/v2\/pages\/348"}],"collection":[{"href":"https:\/\/www.shirts-u.fr\/index.php\/wp-json\/wp\/v2\/pages"}],"about":[{"href":"https:\/\/www.shirts-u.fr\/index.php\/wp-json\/wp\/v2\/types\/page"}],"author":[{"embeddable":true,"href":"https:\/\/www.shirts-u.fr\/index.php\/wp-json\/wp\/v2\/users\/1"}],"replies":[{"embeddable":true,"href":"https:\/\/www.shirts-u.fr\/index.php\/wp-json\/wp\/v2\/comments?post=348"}],"version-history":[{"count":12,"href":"https:\/\/www.shirts-u.fr\/index.php\/wp-json\/wp\/v2\/pages\/348\/revisions"}],"predecessor-version":[{"id":5529,"href":"https:\/\/www.shirts-u.fr\/index.php\/wp-json\/wp\/v2\/pages\/348\/revisions\/5529"}],"wp:attachment":[{"href":"https:\/\/www.shirts-u.fr\/index.php\/wp-json\/wp\/v2\/media?parent=348"}],"curies":[{"name":"wp","href":"https:\/\/api.w.org\/{rel}","templated":true}]}}