{"id":301,"date":"2018-10-18T15:29:17","date_gmt":"2018-10-18T14:29:17","guid":{"rendered":"http:\/\/amedeo.elated-themes.com\/?page_id=301"},"modified":"2020-06-09T18:11:15","modified_gmt":"2020-06-09T16:11:15","slug":"about-us","status":"publish","type":"page","link":"https:\/\/www.shirts-u.fr\/index.php\/about-us\/","title":{"rendered":"About us"},"content":{"rendered":"<p>[vc_row][vc_column][vc_empty_space height=\u00a0\u00bb100px\u00a0\u00bb][\/vc_column][\/vc_row][vc_row][vc_column]<div class=\"eltdf-section-title-holder  eltdf-st-standard eltdf-st-title-left eltdf-st-normal-space \" style=\"padding: 0 10%\">\n\t<div class=\"eltdf-st-inner\">\n\t\t\t\t\t<h1 class=\"eltdf-st-title\" >\n\t\t\t\tNotre maison\t\t\t<\/h1>\n\t\t\t\t\t\t\t<p class=\"eltdf-st-text\" >\n\t\t\t\tShirts-U est un fabricant de v\u00eatements ind\u00e9pendant de pi\u00e8ces sur mesure et de petites s\u00e9ries de pr\u00eat-\u00e0-porter. Notre atelier se situe en Europe et nous pouvons ainsi fournir \u00e0 nos clients un niveau in\u00e9gal\u00e9 de cr\u00e9ativit\u00e9 et de flexibilit\u00e9. Notre plateforme de commande en ligne fait le pont entre vous et notre atelier pour vous offrir un service in\u00e9gal\u00e9.\t\t\t<\/p>\n\t\t\t<\/div>\n<\/div>[\/vc_column][\/vc_row][vc_row css=\u00a0\u00bb.vc_custom_1542106503017{padding-top: 117px !important;padding-bottom: 103px !important;}\u00a0\u00bb][vc_column]<div class=\"eltdf-image-gallery  eltdf-ig-carousel-type eltdf-three-columns eltdf-huge-space  \">\n\t<div class=\"eltdf-ig-slider eltdf-owl-slider\" data-number-of-items=\"4\" data-enable-loop=\"yes\" data-enable-autoplay=\"yes\" data-slider-speed=\"5000\" data-slider-speed-animation=\"600\" data-slider-padding=\"no\" data-enable-navigation=\"yes\" data-enable-pagination=\"no\">\n\t\t\t\t\t<div class=\"eltdf-ig-image\">\n\t\t\t\t\t\t\t\t\t<img width=\"833\" height=\"833\" src=\"https:\/\/www.shirts-u.fr\/wp-content\/uploads\/2020\/02\/ABOUT-US-IMG-04.jpg\" class=\"attachment-full size-full\" alt=\"\" decoding=\"async\" loading=\"lazy\" srcset=\"https:\/\/www.shirts-u.fr\/wp-content\/uploads\/2020\/02\/ABOUT-US-IMG-04.jpg 833w, https:\/\/www.shirts-u.fr\/wp-content\/uploads\/2020\/02\/ABOUT-US-IMG-04-150x150.jpg 150w, https:\/\/www.shirts-u.fr\/wp-content\/uploads\/2020\/02\/ABOUT-US-IMG-04-300x300.jpg 300w, https:\/\/www.shirts-u.fr\/wp-content\/uploads\/2020\/02\/ABOUT-US-IMG-04-768x768.jpg 768w, https:\/\/www.shirts-u.fr\/wp-content\/uploads\/2020\/02\/ABOUT-US-IMG-04-650x650.jpg 650w\" sizes=\"(max-width: 833px) 100vw, 833px\" \/>\t\t\t\t\t\t\t<\/div>\n\t\t\t\t\t<div class=\"eltdf-ig-image\">\n\t\t\t\t\t\t\t\t\t<img width=\"1125\" height=\"1125\" src=\"https:\/\/www.shirts-u.fr\/wp-content\/uploads\/2020\/02\/ABOUT-US-IMG-06.jpg\" class=\"attachment-full size-full\" alt=\"\" decoding=\"async\" loading=\"lazy\" srcset=\"https:\/\/www.shirts-u.fr\/wp-content\/uploads\/2020\/02\/ABOUT-US-IMG-06.jpg 1125w, https:\/\/www.shirts-u.fr\/wp-content\/uploads\/2020\/02\/ABOUT-US-IMG-06-150x150.jpg 150w, https:\/\/www.shirts-u.fr\/wp-content\/uploads\/2020\/02\/ABOUT-US-IMG-06-300x300.jpg 300w, https:\/\/www.shirts-u.fr\/wp-content\/uploads\/2020\/02\/ABOUT-US-IMG-06-768x768.jpg 768w, https:\/\/www.shirts-u.fr\/wp-content\/uploads\/2020\/02\/ABOUT-US-IMG-06-1024x1024.jpg 1024w, https:\/\/www.shirts-u.fr\/wp-content\/uploads\/2020\/02\/ABOUT-US-IMG-06-650x650.jpg 650w\" sizes=\"(max-width: 1125px) 100vw, 1125px\" \/>\t\t\t\t\t\t\t<\/div>\n\t\t\t\t\t<div class=\"eltdf-ig-image\">\n\t\t\t\t\t\t\t\t\t<img width=\"833\" height=\"833\" src=\"https:\/\/www.shirts-u.fr\/wp-content\/uploads\/2020\/02\/ABOUT-US-IMG-02.jpg\" class=\"attachment-full size-full\" alt=\"\" decoding=\"async\" loading=\"lazy\" srcset=\"https:\/\/www.shirts-u.fr\/wp-content\/uploads\/2020\/02\/ABOUT-US-IMG-02.jpg 833w, https:\/\/www.shirts-u.fr\/wp-content\/uploads\/2020\/02\/ABOUT-US-IMG-02-150x150.jpg 150w, https:\/\/www.shirts-u.fr\/wp-content\/uploads\/2020\/02\/ABOUT-US-IMG-02-300x300.jpg 300w, https:\/\/www.shirts-u.fr\/wp-content\/uploads\/2020\/02\/ABOUT-US-IMG-02-768x768.jpg 768w, https:\/\/www.shirts-u.fr\/wp-content\/uploads\/2020\/02\/ABOUT-US-IMG-02-650x650.jpg 650w\" sizes=\"(max-width: 833px) 100vw, 833px\" \/>\t\t\t\t\t\t\t<\/div>\n\t\t\t\t\t<div class=\"eltdf-ig-image\">\n\t\t\t\t\t\t\t\t\t<img width=\"833\" height=\"833\" src=\"https:\/\/www.shirts-u.fr\/wp-content\/uploads\/2020\/02\/ABOUT-US-IMG-07.jpg\" class=\"attachment-full size-full\" alt=\"\" decoding=\"async\" loading=\"lazy\" srcset=\"https:\/\/www.shirts-u.fr\/wp-content\/uploads\/2020\/02\/ABOUT-US-IMG-07.jpg 833w, https:\/\/www.shirts-u.fr\/wp-content\/uploads\/2020\/02\/ABOUT-US-IMG-07-150x150.jpg 150w, https:\/\/www.shirts-u.fr\/wp-content\/uploads\/2020\/02\/ABOUT-US-IMG-07-300x300.jpg 300w, https:\/\/www.shirts-u.fr\/wp-content\/uploads\/2020\/02\/ABOUT-US-IMG-07-768x768.jpg 768w, https:\/\/www.shirts-u.fr\/wp-content\/uploads\/2020\/02\/ABOUT-US-IMG-07-650x650.jpg 650w\" sizes=\"(max-width: 833px) 100vw, 833px\" \/>\t\t\t\t\t\t\t<\/div>\n\t\t\t\t\t<div class=\"eltdf-ig-image\">\n\t\t\t\t\t\t\t\t\t<img width=\"833\" height=\"833\" src=\"https:\/\/www.shirts-u.fr\/wp-content\/uploads\/2020\/02\/ABOUT-US-IMG-08.jpg\" class=\"attachment-full size-full\" alt=\"\" decoding=\"async\" loading=\"lazy\" srcset=\"https:\/\/www.shirts-u.fr\/wp-content\/uploads\/2020\/02\/ABOUT-US-IMG-08.jpg 833w, https:\/\/www.shirts-u.fr\/wp-content\/uploads\/2020\/02\/ABOUT-US-IMG-08-150x150.jpg 150w, https:\/\/www.shirts-u.fr\/wp-content\/uploads\/2020\/02\/ABOUT-US-IMG-08-300x300.jpg 300w, https:\/\/www.shirts-u.fr\/wp-content\/uploads\/2020\/02\/ABOUT-US-IMG-08-768x768.jpg 768w, https:\/\/www.shirts-u.fr\/wp-content\/uploads\/2020\/02\/ABOUT-US-IMG-08-650x650.jpg 650w\" sizes=\"(max-width: 833px) 100vw, 833px\" \/>\t\t\t\t\t\t\t<\/div>\n\t\t\t<\/div>\n<\/div>[\/vc_column][\/vc_row][vc_row css=\u00a0\u00bb.vc_custom_1542106539301{padding-top: 105px !important;}\u00a0\u00bb][vc_column]<div class=\"eltdf-banner-media-holder  media_left no\" >\n    <div class=\"eltdf-banner-media-holder__text \" style=\"padding: 0 190px 37px 129px\" data-item-class=\"bannerMedia-6494\" data-padding-1600=\"0 160px 37px 105px\" data-padding-1366=\"0 80px 100px 75px\" data-padding-1024=\"0 32px 37px 54px\" data-padding-768=\"104px 232px 146px 70px\" data-padding-680=\"107px 15px 68px 28px\">\n\t\t        <h2 class=\"eltdf-banner-title\">\n\t\tNotre histoire    <\/h2>\n\t\t        <div class=\"banner-media-text\">Fabricant de costumes sur-mesure, Shirts-U a h\u00e9rit\u00e9 du savoir-faire traditionnel de la maison Korn leader dans la fabrication de mesure industrielle. Depuis, Shirts-U perp\u00e9tue ce savoir-faire d&#039;exception gr\u00e2ce \u00e0 une \u00e9quipe de sp\u00e9cialistes passionn\u00e9s et exigeants, mus par l&#039;ambition d&#039;offrir des produits de grande qualit\u00e9 et un service irr\u00e9prochable \u00e0 sa client\u00e8le. Implant\u00e9e \u00e0 Paris, capitale europ\u00e9enne de la mode et du luxe, Shirts-U travaille avec plus d&#039;une centaine de tailleurs des plus grandes maisons surtout le territoire national et en Europe. Aujourd&#039;hui, Shirts-U est sp\u00e9cialis\u00e9e dans l&#039;import-export de costumes sur-mesure et de pr\u00eat-\u00e0-porter haut de gamme et l&#039;entreprise demeure une r\u00e9f\u00e9rence dans la distribution de costumes sur-mesure pour professionnels, tailleurs et boutiques de pr\u00eat-\u00e0-porter.<\/div>\n\t    <div>\n\t\t<a itemprop=\"url\" href=\"#\" target=\"_self\" style=\"border-color: #000\" class=\"eltdf-btn eltdf-btn-medium eltdf-btn-simple\"  >\n    <span class=\"eltdf-btn-text\">View more<\/span>\n    <\/a>    <\/div>\n<\/div> <!-- \/.eltdf-banner-media-holder__left -->\n\n    <div class=\"eltdf-banner-media-holder__media\" >\n\t\t<img width=\"1064\" height=\"1250\" src=\"https:\/\/www.shirts-u.fr\/wp-content\/uploads\/2020\/01\/HIW-PHOTO-3.jpg\" class=\"attachment-full size-full\" alt=\"\" decoding=\"async\" loading=\"lazy\" srcset=\"https:\/\/www.shirts-u.fr\/wp-content\/uploads\/2020\/01\/HIW-PHOTO-3.jpg 1064w, https:\/\/www.shirts-u.fr\/wp-content\/uploads\/2020\/01\/HIW-PHOTO-3-255x300.jpg 255w, https:\/\/www.shirts-u.fr\/wp-content\/uploads\/2020\/01\/HIW-PHOTO-3-768x902.jpg 768w, https:\/\/www.shirts-u.fr\/wp-content\/uploads\/2020\/01\/HIW-PHOTO-3-872x1024.jpg 872w\" sizes=\"(max-width: 1064px) 100vw, 1064px\" \/>    <\/div> <!-- \/.eltdf-banner-media-holder__media -->\n<\/div> <!-- \/.eltdf-banner-media-holder -->\n\n\n[\/vc_column][\/vc_row][vc_row][vc_column][vc_empty_space height=\u00a0\u00bb100px\u00a0\u00bb][\/vc_column][\/vc_row][vc_row][vc_column][vc_separator border_width=\u00a0\u00bb3&Prime; el_width=\u00a0\u00bb80&Prime;][\/vc_column][\/vc_row][vc_row][vc_column][vc_empty_space height=\u00a0\u00bb100px\u00a0\u00bb][\/vc_column][\/vc_row][vc_row][vc_column]<div class=\"eltdf-banner-media-holder  media_right no\" >\n    <div class=\"eltdf-banner-media-holder__text \" style=\"padding: 0 190px 37px 129px\" data-item-class=\"bannerMedia-1757\">\n\t\t        <h2 class=\"eltdf-banner-title\">\n\t\tNos implentations    <\/h2>\n\t\t        <div class=\"banner-media-text\">Shirts-U s\u2019internationalise depuis ses d\u00e9buts et travaille aujourd\u2019hui avec les meilleurs tailleurs professionnels dans 6 pays europ\u00e9ens. France Luxembourg Belgique Danemark Grande-Bretagne Lettonie Estonie<\/div>\n\t    <div>\n\t\t<a itemprop=\"url\" href=\"#\" target=\"_self\" style=\"border-color: #000\" class=\"eltdf-btn eltdf-btn-medium eltdf-btn-simple\"  >\n    <span class=\"eltdf-btn-text\">Button Text<\/span>\n    <\/a>    <\/div>\n<\/div> <!-- \/.eltdf-banner-media-holder__left -->\n\n    <div class=\"eltdf-banner-media-holder__media\" >\n\t\t<img width=\"1000\" height=\"1000\" src=\"https:\/\/www.shirts-u.fr\/wp-content\/uploads\/2020\/02\/ABOUT-US-IMG-03.jpg\" class=\"attachment-full size-full\" alt=\"\" decoding=\"async\" loading=\"lazy\" srcset=\"https:\/\/www.shirts-u.fr\/wp-content\/uploads\/2020\/02\/ABOUT-US-IMG-03.jpg 1000w, https:\/\/www.shirts-u.fr\/wp-content\/uploads\/2020\/02\/ABOUT-US-IMG-03-150x150.jpg 150w, https:\/\/www.shirts-u.fr\/wp-content\/uploads\/2020\/02\/ABOUT-US-IMG-03-300x300.jpg 300w, https:\/\/www.shirts-u.fr\/wp-content\/uploads\/2020\/02\/ABOUT-US-IMG-03-768x768.jpg 768w, https:\/\/www.shirts-u.fr\/wp-content\/uploads\/2020\/02\/ABOUT-US-IMG-03-650x650.jpg 650w\" sizes=\"(max-width: 1000px) 100vw, 1000px\" \/>    <\/div> <!-- \/.eltdf-banner-media-holder__media -->\n<\/div> <!-- \/.eltdf-banner-media-holder -->\n\n\n[\/vc_column][\/vc_row][vc_row][vc_column][vc_empty_space height=\u00a0\u00bb100px\u00a0\u00bb][\/vc_column][\/vc_row][vc_row][vc_column][vc_separator border_width=\u00a0\u00bb3&Prime; el_width=\u00a0\u00bb80&Prime;][\/vc_column][\/vc_row][vc_row][vc_column][vc_empty_space height=\u00a0\u00bb100px\u00a0\u00bb][\/vc_column][\/vc_row][vc_row row_content_width=\u00a0\u00bbgrid\u00a0\u00bb][vc_column]<div class=\"eltdf-accordion-holder eltdf-ac-default  eltdf-accordion  clearfix\">\n\t<h5 class=\"eltdf-accordion-title\">\n    <span class=\"eltdf-accordion-mark\">\n\t\t<span class=\"eltdf-plus\"><\/span>\n\t\t<span class=\"eltdf-minus\"><\/span>\n\t<\/span>\n\t<span class=\"eltdf-tab-title\">Nos tissus<\/span>\n<\/h5>\n<div class=\"eltdf-accordion-content\">\n\t<div class=\"eltdf-accordion-content-inner\">\n\t\t<div class=\"eltdf-elements-holder   eltdf-one-column  eltdf-responsive-mode-768 \" ><div class=\"eltdf-eh-item    \"  data-item-class=\"eltdf-eh-custom-8159\" data-1367-1600=\"0 90px 0 0\" data-1025-1366=\"0 90px 0 0\" data-769-1024=\"0 0\" data-681-768=\"0 0\" data-680=\"0 0\">\n\t<div class=\"eltdf-eh-item-inner\">\n\t\t<div class=\"eltdf-eh-item-content eltdf-eh-custom-8159\" style=\"padding: 0 120px 0 0\">\n\t\t\t[vc_column_text]<span style=\"display: inline !important; float: none; background-color: #ffffff; color: #868686; cursor: text; font-family: 'Arial',sans-serif; font-size: 15px; font-style: normal; font-variant: normal; font-weight: 300; letter-spacing: normal; orphans: 2; text-align: left; text-decoration: none; text-indent: 0px; text-transform: none; -webkit-text-stroke-width: 0px; white-space: normal; word-spacing: 0px;\">Shirts-U a tiss\u00e9 une solide relation partenariale avec les plus grands drapiers internationaux pour vous offrir le meilleur.<\/span><br \/>\n<span style=\"display: inline !important; float: none; background-color: #ffffff; color: #868686; cursor: text; font-family: 'Arial',sans-serif; font-size: 15px; font-style: normal; font-variant: normal; font-weight: 300; letter-spacing: normal; orphans: 2; text-align: left; text-decoration: none; text-indent: 0px; text-transform: none; -webkit-text-stroke-width: 0px; white-space: normal; word-spacing: 0px;\">A ce titre, Shirts-U poss\u00e8de son propre stock de tissu, gage \u00e0 la fois de r\u00e9activit\u00e9 et de comp\u00e9titivit\u00e9. Plus de 7 000 m\u00e8tres de tissus haut de gamme compos\u00e9s notamment de 80 tissus en Vital Barberis Canonico du super 100 au super 120, ainsi qu\u2019une gamme compl\u00e8te de tissus super 130 et super 140 issus des meilleurs \u00e9toffes de chez Holland and Sherry et Loro Piana. Nos tissus pour manteau font \u00e9galement r\u00e9f\u00e9rence en la mati\u00e8re.<\/span>[\/vc_column_text]\t\t<\/div>\n\t<\/div>\n<\/div><\/div>\t<\/div>\n<\/div><h5 class=\"eltdf-accordion-title\">\n    <span class=\"eltdf-accordion-mark\">\n\t\t<span class=\"eltdf-plus\"><\/span>\n\t\t<span class=\"eltdf-minus\"><\/span>\n\t<\/span>\n\t<span class=\"eltdf-tab-title\">Notre offre<\/span>\n<\/h5>\n<div class=\"eltdf-accordion-content\">\n\t<div class=\"eltdf-accordion-content-inner\">\n\t\t<div class=\"eltdf-elements-holder   eltdf-one-column  eltdf-responsive-mode-768 \" ><div class=\"eltdf-eh-item    \"  data-item-class=\"eltdf-eh-custom-2632\" data-1367-1600=\"0 90px 0 0\" data-1025-1366=\"0 90px 0 0\" data-769-1024=\"0 0\" data-681-768=\"0 0\" data-680=\"0 0\">\n\t<div class=\"eltdf-eh-item-inner\">\n\t\t<div class=\"eltdf-eh-item-content eltdf-eh-custom-2632\" style=\"padding: 0 120px 0 0\">\n\t\t\t[vc_column_text]<span style=\"display: inline !important; float: none; background-color: #ffffff; color: #868686; cursor: text; font-family: 'Arial',sans-serif; font-size: 15px; font-style: normal; font-variant: normal; font-weight: 300; letter-spacing: normal; orphans: 2; text-align: left; text-decoration: none; text-indent: 0px; text-transform: none; -webkit-text-stroke-width: 0px; white-space: normal; word-spacing: 0px;\">Afin de satisfaire ses clients, Shirts-U se veut tr\u00e8s proche de la mesure du tailleur traditionnel. Une exigence \u00e0 traduire scrupuleusement les gestes du tailleur d\u2019antan afin de vous garantir un produit de grande qualit\u00e9 aux caract\u00e9ristiques uniques. Costume de ville, costume de c\u00e9r\u00e9monie, tailleur femme, veste d\u00e9contract\u00e9e, pantalon de ville, de week-end, manteau, imperm\u00e9able ainsi que des vestes et parkas d\u00e9structur\u00e9es\u2026 sont autant de pi\u00e8ces sur-mesure que Shirts-U r\u00e9alise en fabrication traditionnel et semi-traditionnel.<\/span>[\/vc_column_text]\t\t<\/div>\n\t<\/div>\n<\/div><\/div>\t<\/div>\n<\/div><h5 class=\"eltdf-accordion-title\">\n    <span class=\"eltdf-accordion-mark\">\n\t\t<span class=\"eltdf-plus\"><\/span>\n\t\t<span class=\"eltdf-minus\"><\/span>\n\t<\/span>\n\t<span class=\"eltdf-tab-title\">Nos \u00e9quipes<\/span>\n<\/h5>\n<div class=\"eltdf-accordion-content\">\n\t<div class=\"eltdf-accordion-content-inner\">\n\t\t<div class=\"eltdf-elements-holder   eltdf-one-column  eltdf-responsive-mode-768 \" ><div class=\"eltdf-eh-item    \"  data-item-class=\"eltdf-eh-custom-9972\" data-1367-1600=\"0 90px 0 0\" data-1025-1366=\"0 90px 0 0\" data-769-1024=\"0 0\" data-681-768=\"0 0\" data-680=\"0 0\">\n\t<div class=\"eltdf-eh-item-inner\">\n\t\t<div class=\"eltdf-eh-item-content eltdf-eh-custom-9972\" style=\"padding: 0 120px 0 0\">\n\t\t\t[vc_column_text]Nos \u00e9quipes de professionnels sont \u00e0 votre \u00e9coute 6 jours sur 7 pour v\u00e9rifier avec vous et avec le plus grand soin vos prises de mesures, pour vous offrir un v\u00eatement sur-mesure identique \u00e0 la commande de votre client.<br \/>\nFid\u00e8le \u00e0 ses valeurs, Shirts-U fait fabriquer l\u2019ensemble de ses pi\u00e8ces en Union Europ\u00e9enne et utilise les meilleurs tissus des marques mondiales les plus prestigieuses comme Dormeuil, , Holand and Sherry, Loro Piana\u2026<br \/>\nNotre longue exp\u00e9rience nous permet \u00e9galement de r\u00e9pondre \u00e0 tous les styles de costumes du traditionnel au plus contemporain et de nous adapter \u00e0 toutes les morphologies.<br \/>\nNous vous offrons \u00e9galement un service m\u00e9ticuleux avant la livraison de votre commande. Une \u00e9tape incontournable pour garantir la qualit\u00e9 de votre produit. Un responsable de presse \u00e0 Paris v\u00e9rifie chaque d\u00e9tail du v\u00eatement une fois sorti de nos ateliers industriels, le pr\u00e9pare minutieusement, avant de vous l\u2019exp\u00e9dier sur cintre houss\u00e9 imperm\u00e9able. .[\/vc_column_text]\t\t<\/div>\n\t<\/div>\n<\/div><\/div>\t<\/div>\n<\/div><h5 class=\"eltdf-accordion-title\">\n    <span class=\"eltdf-accordion-mark\">\n\t\t<span class=\"eltdf-plus\"><\/span>\n\t\t<span class=\"eltdf-minus\"><\/span>\n\t<\/span>\n\t<span class=\"eltdf-tab-title\">Votre formation<\/span>\n<\/h5>\n<div class=\"eltdf-accordion-content\">\n\t<div class=\"eltdf-accordion-content-inner\">\n\t\t<div class=\"eltdf-elements-holder   eltdf-one-column  eltdf-responsive-mode-768 \" ><div class=\"eltdf-eh-item    \"  data-item-class=\"eltdf-eh-custom-8283\" data-1367-1600=\"0 90px 0 0\" data-1025-1366=\"0 90px 0 0\" data-769-1024=\"0 0\" data-681-768=\"0 0\" data-680=\"0 0\">\n\t<div class=\"eltdf-eh-item-inner\">\n\t\t<div class=\"eltdf-eh-item-content eltdf-eh-custom-8283\" style=\"padding: 0 120px 0 0\">\n\t\t\t[vc_column_text]Nos techniciens se d\u00e9placent au sein de votre soci\u00e9t\u00e9 afin de former votre personnel et de vous assister au mieux dans vos d\u00e9marches commerciales aupr\u00e8s des clients. Gr\u00e2ce \u00e0 nos formateurs vous serez op\u00e9rationnels et performants d\u00e8s votre installation.<br \/>\nIls viendront vous expliquer notre proc\u00e9d\u00e9 de mesure indispensable \u00e0 la r\u00e9alisation d\u2019un costume pour votre client !<br \/>\nPar ailleurs, nous mettons \u00e0 votre disposition 6 bases de v\u00eatements t\u00e9moins pour :<\/p>\n<ul>\n<li>Costumes (classique, tendance, fit, extra-court, trapu)<\/li>\n<li>Manteaux<\/li>\n<li>Redingote<\/li>\n<li>Smoking<\/li>\n<li>Fraque<\/li>\n<li>Mod\u00e8les classiques femmes<\/li>\n<\/ul>\n<p>[\/vc_column_text]\t\t<\/div>\n\t<\/div>\n<\/div><\/div>\t<\/div>\n<\/div><\/div>[\/vc_column][\/vc_row][vc_row][vc_column][vc_empty_space height=\u00a0\u00bb150px\u00a0\u00bb][\/vc_column][\/vc_row]<\/p>\n","protected":false},"excerpt":{"rendered":"<p>[vc_row][vc_column][vc_empty_space height=\u00a0\u00bb100px\u00a0\u00bb][\/vc_column][\/vc_row][vc_row][vc_column][\/vc_column][\/vc_row][vc_row css=\u00a0\u00bb.vc_custom_1542106503017{padding-top: 117px !important;padding-bottom: 103px !important;}\u00a0\u00bb][vc_column][\/vc_column][\/vc_row][vc_row css=\u00a0\u00bb.vc_custom_1542106539301{padding-top: 105px !important;}\u00a0\u00bb][vc_column][\/vc_column][\/vc_row][vc_row][vc_column][vc_empty_space height=\u00a0\u00bb100px\u00a0\u00bb][\/vc_column][\/vc_row][vc_row][vc_column][vc_separator border_width=\u00a0\u00bb3&Prime; el_width=\u00a0\u00bb80&Prime;][\/vc_column][\/vc_row][vc_row][vc_column][vc_empty_space height=\u00a0\u00bb100px\u00a0\u00bb][\/vc_column][\/vc_row][vc_row][vc_column][\/vc_column][\/vc_row][vc_row][vc_column][vc_empty_space height=\u00a0\u00bb100px\u00a0\u00bb][\/vc_column][\/vc_row][vc_row][vc_column][vc_separator border_width=\u00a0\u00bb3&Prime; el_width=\u00a0\u00bb80&Prime;][\/vc_column][\/vc_row][vc_row][vc_column][vc_empty_space height=\u00a0\u00bb100px\u00a0\u00bb][\/vc_column][\/vc_row][vc_row row_content_width=\u00a0\u00bbgrid\u00a0\u00bb][vc_column][\/vc_column][\/vc_row][vc_row][vc_column][vc_empty_space height=\u00a0\u00bb150px\u00a0\u00bb][\/vc_column][\/vc_row]<\/p>\n","protected":false},"author":1,"featured_media":0,"parent":0,"menu_order":0,"comment_status":"closed","ping_status":"closed","template":"full-width.php","meta":[],"_links":{"self":[{"href":"https:\/\/www.shirts-u.fr\/index.php\/wp-json\/wp\/v2\/pages\/301"}],"collection":[{"href":"https:\/\/www.shirts-u.fr\/index.php\/wp-json\/wp\/v2\/pages"}],"about":[{"href":"https:\/\/www.shirts-u.fr\/index.php\/wp-json\/wp\/v2\/types\/page"}],"author":[{"embeddable":true,"href":"https:\/\/www.shirts-u.fr\/index.php\/wp-json\/wp\/v2\/users\/1"}],"replies":[{"embeddable":true,"href":"https:\/\/www.shirts-u.fr\/index.php\/wp-json\/wp\/v2\/comments?post=301"}],"version-history":[{"count":14,"href":"https:\/\/www.shirts-u.fr\/index.php\/wp-json\/wp\/v2\/pages\/301\/revisions"}],"predecessor-version":[{"id":5348,"href":"https:\/\/www.shirts-u.fr\/index.php\/wp-json\/wp\/v2\/pages\/301\/revisions\/5348"}],"wp:attachment":[{"href":"https:\/\/www.shirts-u.fr\/index.php\/wp-json\/wp\/v2\/media?parent=301"}],"curies":[{"name":"wp","href":"https:\/\/api.w.org\/{rel}","templated":true}]}}